{"id":504,"date":"2026-03-20T11:03:36","date_gmt":"2026-03-20T11:03:36","guid":{"rendered":"https:\/\/oceaneuro2026.com\/?page_id=504"},"modified":"2026-03-31T08:38:43","modified_gmt":"2026-03-31T08:38:43","slug":"zone-soins-athletes","status":"publish","type":"page","link":"https:\/\/oceaneuro2026.com\/en\/zone-soins-athletes\/","title":{"rendered":"Athlete Care Area"},"content":{"rendered":"<div class=\"wp-block-cover\"><img loading=\"lazy\" decoding=\"async\" width=\"1024\" height=\"684\" class=\"wp-block-cover__image-background wp-image-280 size-large\" alt=\"\" src=\"https:\/\/oceaneuro2026.com\/wp-content\/uploads\/2026\/01\/Photo_065-1024x684.jpg\" data-object-fit=\"cover\" srcset=\"https:\/\/oceaneuro2026.com\/wp-content\/uploads\/2026\/01\/Photo_065-1024x684.jpg 1024w, https:\/\/oceaneuro2026.com\/wp-content\/uploads\/2026\/01\/Photo_065-300x200.jpg 300w, https:\/\/oceaneuro2026.com\/wp-content\/uploads\/2026\/01\/Photo_065-768x513.jpg 768w, https:\/\/oceaneuro2026.com\/wp-content\/uploads\/2026\/01\/Photo_065-1536x1025.jpg 1536w, https:\/\/oceaneuro2026.com\/wp-content\/uploads\/2026\/01\/Photo_065-2048x1367.jpg 2048w\" sizes=\"auto, (max-width: 1024px) 100vw, 1024px\" \/><span aria-hidden=\"true\" class=\"wp-block-cover__background has-background-dim\" style=\"background-color:#71828c\"><\/span><div class=\"wp-block-cover__inner-container is-layout-constrained wp-block-cover-is-layout-constrained\">\n<h2 class=\"wp-block-heading\"><\/h2>\n\n\n<style>.kb-row-layout-id504_c809ae-90 > .kt-row-column-wrap{align-content:start;}:where(.kb-row-layout-id504_c809ae-90 > .kt-row-column-wrap) > .wp-block-kadence-column{justify-content:start;}.kb-row-layout-id504_c809ae-90 > .kt-row-column-wrap{column-gap:var(--global-kb-gap-md, 2rem);row-gap:var(--global-kb-gap-md, 2rem);padding-top:var(--global-kb-spacing-sm, 1.5rem);padding-bottom:var(--global-kb-spacing-sm, 1.5rem);grid-template-columns:minmax(0, 2fr) minmax(0, 1fr);}.kb-row-layout-id504_c809ae-90 > .kt-row-layout-overlay{opacity:0.30;}@media all and (max-width: 1024px){.kb-row-layout-id504_c809ae-90 > .kt-row-column-wrap{grid-template-columns:minmax(0, 2fr) minmax(0, 1fr);}}@media all and (max-width: 767px){.kb-row-layout-id504_c809ae-90 > .kt-row-column-wrap{grid-template-columns:minmax(0, 1fr);}}<\/style><div class=\"kb-row-layout-wrap kb-row-layout-id504_c809ae-90 alignnone wp-block-kadence-rowlayout\"><div class=\"kt-row-column-wrap kt-has-2-columns kt-row-layout-left-golden kt-tab-layout-inherit kt-mobile-layout-row kt-row-valign-top\">\n<style>.kadence-column504_171bf9-db > .kt-inside-inner-col,.kadence-column504_171bf9-db > .kt-inside-inner-col:before{border-top-left-radius:0px;border-top-right-radius:0px;border-bottom-right-radius:0px;border-bottom-left-radius:0px;}.kadence-column504_171bf9-db > .kt-inside-inner-col{column-gap:var(--global-kb-gap-sm, 1rem);}.kadence-column504_171bf9-db > .kt-inside-inner-col{flex-direction:column;}.kadence-column504_171bf9-db > .kt-inside-inner-col > .aligncenter{width:100%;}.kadence-column504_171bf9-db > .kt-inside-inner-col:before{opacity:0.3;}.kadence-column504_171bf9-db{position:relative;}@media all and (max-width: 1024px){.kadence-column504_171bf9-db > .kt-inside-inner-col{flex-direction:column;justify-content:center;}}@media all and (max-width: 767px){.kadence-column504_171bf9-db > .kt-inside-inner-col{flex-direction:column;justify-content:center;}}<\/style>\n<div class=\"wp-block-kadence-column kadence-column504_171bf9-db\"><div class=\"kt-inside-inner-col\">\n<h2 class=\"wp-block-heading has-xxlarge-font-size\">Athlete Care Area<\/h2>\n<\/div><\/div>\n\n\n<style>.kadence-column504_3551b7-aa > .kt-inside-inner-col,.kadence-column504_3551b7-aa > .kt-inside-inner-col:before{border-top-left-radius:0px;border-top-right-radius:0px;border-bottom-right-radius:0px;border-bottom-left-radius:0px;}.kadence-column504_3551b7-aa > .kt-inside-inner-col{column-gap:var(--global-kb-gap-sm, 1rem);}.kadence-column504_3551b7-aa > .kt-inside-inner-col{flex-direction:column;}.kadence-column504_3551b7-aa > .kt-inside-inner-col > .aligncenter{width:100%;}.kadence-column504_3551b7-aa > .kt-inside-inner-col:before{opacity:0.3;}.kadence-column504_3551b7-aa{position:relative;}@media all and (max-width: 1024px){.kadence-column504_3551b7-aa > .kt-inside-inner-col{flex-direction:column;justify-content:center;}}@media all and (max-width: 767px){.kadence-column504_3551b7-aa > .kt-inside-inner-col{flex-direction:column;justify-content:center;}}<\/style>\n<div class=\"wp-block-kadence-column kadence-column504_3551b7-aa\"><div class=\"kt-inside-inner-col\"><\/div><\/div>\n\n<\/div><\/div><\/div><\/div>\n\n\n\n<p>Welcome to our section dedicated to participants in the European Championships.<\/p>\n\n\n\n<p>We offer competitors and staff members a daytime facility designed to promote their well-being and recovery. This facility is completely free of charge and allows you to benefit from the support of qualified healthcare professionals: physiotherapists, osteopaths, reflexologists and many other specialists who are there to assist you.<\/p>\n\n\n\n<p>Located in the heart of the European Championship village, this space is designed as a place for relaxation, wellness and rejuvenation.<\/p>\n\n\n\n<p>Over the coming weeks, you will be able to book your slot online so that you can make the most of these services in the best possible conditions.<\/p>\n\n\n\n<p>Take care of yourself; we'll take care of the rest.<\/p>\n\n\n\n<p><\/p>","protected":false},"excerpt":{"rendered":"<p>Bienvenue dans notre espace d\u00e9di\u00e9 aux participants du Championnat d\u2019Europe. Nous proposons aux comp\u00e9titeurs ainsi qu\u2019aux membres du staff un espace en journ\u00e9e, pens\u00e9 pour leur bien-\u00eatre et leur r\u00e9cup\u00e9ration. Enti\u00e8rement gratuit, cet espace vous permettra de b\u00e9n\u00e9ficier de l\u2019accompagnement de professionnels de sant\u00e9 qualifi\u00e9s : kin\u00e9sith\u00e9rapeutes, ost\u00e9opathes, r\u00e9flexologues, et bien d\u2019autres sp\u00e9cialistes \u00e0 votre&#8230;<\/p>","protected":false},"author":1,"featured_media":0,"parent":0,"menu_order":0,"comment_status":"closed","ping_status":"closed","template":"","meta":{"_kad_post_transparent":"","_kad_post_title":"","_kad_post_layout":"","_kad_post_sidebar_id":"","_kad_post_content_style":"","_kad_post_vertical_padding":"","_kad_post_feature":"","_kad_post_feature_position":"","_kad_post_header":false,"_kad_post_footer":false,"_kad_post_classname":"","footnotes":""},"class_list":["post-504","page","type-page","status-publish","hentry"],"_links":{"self":[{"href":"https:\/\/oceaneuro2026.com\/en\/wp-json\/wp\/v2\/pages\/504","targetHints":{"allow":["GET"]}}],"collection":[{"href":"https:\/\/oceaneuro2026.com\/en\/wp-json\/wp\/v2\/pages"}],"about":[{"href":"https:\/\/oceaneuro2026.com\/en\/wp-json\/wp\/v2\/types\/page"}],"author":[{"embeddable":true,"href":"https:\/\/oceaneuro2026.com\/en\/wp-json\/wp\/v2\/users\/1"}],"replies":[{"embeddable":true,"href":"https:\/\/oceaneuro2026.com\/en\/wp-json\/wp\/v2\/comments?post=504"}],"version-history":[{"count":5,"href":"https:\/\/oceaneuro2026.com\/en\/wp-json\/wp\/v2\/pages\/504\/revisions"}],"predecessor-version":[{"id":518,"href":"https:\/\/oceaneuro2026.com\/en\/wp-json\/wp\/v2\/pages\/504\/revisions\/518"}],"wp:attachment":[{"href":"https:\/\/oceaneuro2026.com\/en\/wp-json\/wp\/v2\/media?parent=504"}],"curies":[{"name":"wp","href":"https:\/\/api.w.org\/{rel}","templated":true}]}}